{"id":17354,"date":"2025-10-12T10:45:38","date_gmt":"2025-10-12T10:45:38","guid":{"rendered":"https:\/\/example.com\/?page_id=451306b1-24fb-4301-8c1b-9d762d41190f"},"modified":"2025-10-12T10:45:38","modified_gmt":"2025-10-12T10:45:38","slug":"datenschutz","status":"publish","type":"page","link":"http:\/\/kaminholz-vogtland.eu\/index.php\/datenschutz\/","title":{"rendered":"Datenschutz"},"content":{"rendered":"\n<p>Datenschutzrechtliche Hinweise<br>Kontaktformular<br>Zur Kontaktaufnahme bietet unsere Website Ihnen ein Kontaktformular an. Die Nutzung bedingt die Erfassung von pers\u00f6nlichen Daten. Es werden nur Daten erhoben, die notwendig sind, um Ihre Anfrage zu katalogisieren und auf sie zu reagieren.<br><br>Die Daten werden zum Zweck der Beantwortung Ihrer Anfrage erhoben und verarbeitet. Die Rechtsgrundlage f\u00fcr die Verarbeitung stellt Art. 6 Abs. 1 lit. a der DSGVO dar.<br><br>Sie haben die M\u00f6glichkeit, Ihre Einwilligung jederzeit zu widerrufen. Die Rechtm\u00e4\u00dfigkeit der bis zum Widerruf erfolgten Verarbeitung ist davon nicht betroffen. Ihren Widerruf richten Sie bitte per E-Mail an Holzschneider24@gmx.de<br><br>Die Speicherdauer f\u00fcr Ihre Daten h\u00e4ngt von der Art Ihrer Anfrage oder Ihres Anliegens ab. Sollten keine gesetzlichen Aufbewahrungspflichten oder eine Archivierungspflicht f\u00fcr Ihre Anfrage gelten, werden die Daten gel\u00f6scht, sobald Ihre Anfrage bearbeitet wurde.<br><br>Zugriff auf Ihre Daten erhalten nur die zur Bearbeitung Ihrer Anfrage berechtigten Personen.<br><br>Einsatz von Cookies<br>(1) Wir verwenden \u201eCookies\u201c f\u00fcr unseren Internetauftritt in Form sogenannter \u201eSession-Cookies\u201c, die ausschlie\u00dflich f\u00fcr die Dauer Ihrer Nutzung unserer Internetseite zwischengespeichert werden. Cookies sind kleine Textdateien, die es uns erm\u00f6glichen, auf Ihrem PC spezifische, auf Sie bezogene Informationen zu speichern, w\u00e4hrend Sie unsere Internetseiten besuchen. Cookies helfen uns dabei, die Nutzungsh\u00e4ufigkeit und die Anzahl der Nutzer unserer Webseite zu ermitteln sowie unsere Angebote f\u00fcr Sie m\u00f6glichst sicher, komfortabel und effizient zu gestalten. Cookies erm\u00f6glichen unseren Systemen, das Ger\u00e4t des Nutzers zu erkennen und eventuelle Voreinstellungen sofort verf\u00fcgbar zu machen. Sobald ein Nutzer auf die Plattform zugreift, wird ein Cookie auf die Festplatte des Computers des jeweiligen Nutzers \u00fcbermittelt. Cookies helfen uns, unsere Website zu verbessern und Ihnen einen besseren und noch mehr auf Sie zugeschnittenen Service anbieten zu k\u00f6nnen. Sie erm\u00f6glichen uns, Ihren Computer wiederzuerkennen, wenn Sie auf unsere Website zur\u00fcckkehren.<br><br>Ein Cookie enth\u00e4lt in der Regel den Namen der Domain, von der die Cookie-Daten gesendet wurden sowie Informationen \u00fcber das Alter des Cookies und ein alphanumerisches Identifizierungszeichen.<br><br>In den von uns verwendeten Cookies werden lediglich die oben erl\u00e4uterten Daten \u00fcber Ihre Nutzung der Website gespeichert. Dies erfolgt nicht durch eine Zuordnung zu Ihnen pers\u00f6nlich, sondern durch Zuweisung einer Identifikationsnummer zu dem Cookie (\u201eCookie-ID\u201c). Eine Zusammenf\u00fchrung der Cookie-ID mit Ihrem Namen, Ihrer IP-Adresse oder mit \u00e4hnlichen Daten, die eine Zuordnung des Cookies zu Ihnen erm\u00f6glichen w\u00fcrden, erfolgt nicht.<br><br>(2) Sollten Sie eine Verwendung von Cookies nicht w\u00fcnschen, k\u00f6nnen Sie Ihren Browser so einstellen, dass eine Speicherung von Cookies nicht akzeptiert oder auf bestimmte Seiten beschr\u00e4nkt wird oder Sie informiert werden, sobald ein Cookie gesetzt werden soll. Bitte beachten Sie, dass Sie unsere Website in diesem Fall ggf. nur eingeschr\u00e4nkt oder gar nicht nutzen k\u00f6nnen. Wenn Sie nur unsere eigenen Cookies, nicht aber die Cookies unserer Dienstleister und Partner akzeptieren wollen, k\u00f6nnen Sie die Einstellung in Ihrem Browser \u201eCookies von Drittanbietern blockieren\u201c w\u00e4hlen.<br><br>Server-Log-Files<br>Um die Funktionalit\u00e4t der Website zu garantieren, werden seitens des Providers der Website Informationen in so genannten Server-Log-Files, die Ihr Browser automatisch \u00fcbermittelt, erhoben und drei Tage gespeichert. Diese sind:<br><br>IP-Adresse<br>Zeitpunkt<br>&#171;Request&#187;<br>Status-Code<br>\u00fcbertragene Bytes<br>&#171;Useragent&#187;<br>Diese Daten sind einer bestimmten Person nicht zuzuordnen. Eine Zusammenf\u00fchrung dieser Daten mit anderen Datenquellen wird nicht vorgenommen. Wir behalten uns vor, diese Daten nachtr\u00e4glich pr\u00fcfen zu lassen, wenn uns konkrete Anhaltspunkte vorliegen, die auf eine rechtswidrige Nutzung hindeuten.<br><br>Google Maps<br>(1) Diese Webseite nutzt das Angebot von Google Maps. Dadurch k\u00f6nnen Ihnen interaktive Karten direkt in der Webseite angezeigt werden und erm\u00f6glichen Ihnen die Nutzung der Karten-Funktionen.<br><br>Durch den Besuch auf der Webseite erh\u00e4lt Google die Information, dass Sie die entsprechende Unterseite unserer Webseite aufgerufen haben. Dies erfolgt unabh\u00e4ngig davon, ob Google ein Nutzerkonto bereitstellt, \u00fcber das Sie eingeloggt sind, oder ob kein Nutzerkonto besteht. Wenn Sie bei Google eingeloggt sind, werden Ihre Daten direkt Ihrem Konto zugeordnet. Wenn Sie die Zuordnung mit Ihrem Profil bei Google nicht w\u00fcnschen, m\u00fcssen Sie sich vor Aktivierung des Buttons ausloggen. Google speichert Ihre Daten als Nutzungsprofile und nutzt sie f\u00fcr Zwecke der Werbung, Marktforschung und\/oder bedarfsgerechten Gestaltung seiner Website. Eine solche Auswertung erfolgt insbesondere (selbst f\u00fcr nicht eingeloggte Nutzer) zur Erbringung von bedarfsgerechter Werbung. Ihnen steht ein Widerspruchsrecht zu gegen die Bildung dieser Nutzerprofile, wobei Sie sich zur Aus\u00fcbung dessen an Google richten m\u00fcssen.<br><br>(2) Weitere Informationen zu Zweck und Umfang der Datenerhebung und ihrer Verarbeitung durch den Plug-in-Anbieter erhalten Sie in den Datenschutzerkl\u00e4rungen des Anbieters. Dort erhalten Sie auch weitere Informationen zu Ihren diesbez\u00fcglichen Rechten und Einstellungsm\u00f6glichkeiten zum Schutze Ihrer Privatsph\u00e4re: http:\/\/www.google.de\/intl\/de\/policies\/privacy. Google verarbeitet Ihre personenbezogenen Daten auch in den USA.<br><br>ACHTUNG: Derzeit liegt kein Angemessenheitsbeschluss der Europ\u00e4ischen Kommission vor, welcher ein angemessenes Schutzniveau der Datenverarbeitung in den USA i.S.d. Art.45 DS-GVO best\u00e4tigt. Ferner haben wir als Verantwortlicher derzeit keine Garantien i.S.d. Art.46 DS-GVO vorgesehen, um ein angemessenes Datenschutzniveau in den USA gew\u00e4hrleisten zu k\u00f6nnen. Mit Ihrer Einwilligung gehen Sie daher freiwillig das Risiko eines unzureichenden Datenschutzes im Empf\u00e4ngerland ein.<br><br>(3) Um Ihre Einwilligung zu widerrufen und dadurch weitere Datenverarbeitungen zu unterbinden, schlie\u00dfen Sie bitte diese Webseite. Bei Neuaufruf der Webseite m\u00fcsste die Einwilligung erneut erteilt werden.<br><br>Google reCAPTCHA<br>Wir nutzen \u201cGoogle reCAPTCHA\u201d (im Folgenden \u201creCAPTCHA\u201d) auf unseren Websites. Anbieter ist Google Ireland Limited, Gordon House, Barrow Street, Dublin 4, Irland (\u201cGoogle\u201d).<br><br>Mit reCAPTCHA soll \u00fcberpr\u00fcft werden, ob die Dateneingabe auf unseren Websites (z.B. in einem Kontaktformular) durch einen Menschen oder durch ein automatisiertes Programm erfolgt. Hierzu analysiert reCAPTCHA das Verhalten des Websitebesuchers anhand verschiedener Merkmale. Diese Analyse beginnt automatisch, sobald der Websitebesucher die Website betritt. Zur Analyse wertet reCAPTCHA verschiedene Informationen aus (z.B. IP-Adresse, Verweildauer des Websitebesuchers auf der Website oder vom Nutzer get\u00e4tigte Mausbewegungen). Die bei der Analyse erfassten Daten werden an Google weitergeleitet.<br><br>Die reCAPTCHA-Analysen laufen vollst\u00e4ndig im Hintergrund. Websitebesucher werden nicht darauf hingewiesen, dass eine Analyse stattfindet.<br><br>Die Datenverarbeitung erfolgt auf Grundlage von Art. 6 Abs. 1 lit. f DSGVO. Der Websitebetreiber hat ein berechtigtes Interesse daran, seine Webangebote vor missbr\u00e4uchlicher automatisierter Aussp\u00e4hung und vor SPAM zu sch\u00fctzen.<br><br>Weitere Informationen zu Google reCAPTCHA sowie die Datenschutzerkl\u00e4rung von Google entnehmen Sie folgenden Links: https:\/\/policies.google.com\/privacy?hl=de und https:\/\/www.google.com\/recaptcha\/intro\/android.html.<br><br>ACHTUNG: Derzeit liegt kein Angemessenheitsbeschluss der Europ\u00e4ischen Kommission vor, welcher ein angemessenes Schutzniveau der Datenverarbeitung in den USA i.S.d. Art.45 DS-GVO best\u00e4tigt. Ferner haben wir als Verantwortlicher derzeit keine Garantien i.S.d. Art.46 DS-GVO vorgesehen, um ein angemessenes Datenschutzniveau in den USA gew\u00e4hrleisten zu k\u00f6nnen. Mit Ihrer Einwilligung gehen Sie daher freiwillig das Risiko eines unzureichenden Datenschutzes im Empf\u00e4ngerland ein.<\/p>\n","protected":false},"excerpt":{"rendered":"<p>Datenschutzrechtliche HinweiseKontaktformularZur Kontaktaufnahme bietet unsere Website Ihnen ein Kontaktformular an. Die Nutzung bedingt die Erfassung von pers\u00f6nlichen Daten. Es werden nur Daten erhoben, die notwendig sind, um Ihre Anfrage zu katalogisieren und auf sie zu reagieren. Die Daten werden zum Zweck der Beantwortung Ihrer Anfrage erhoben und verarbeitet. Die Rechtsgrundlage f\u00fcr die Verarbeitung stellt Art. [&hellip;]<\/p>\n","protected":false},"author":3,"featured_media":0,"parent":0,"menu_order":7,"comment_status":"closed","ping_status":"closed","template":"","meta":{"footnotes":""},"class_list":["post-17354","page","type-page","status-publish","hentry"],"_links":{"self":[{"href":"http:\/\/kaminholz-vogtland.eu\/index.php\/wp-json\/wp\/v2\/pages\/17354","targetHints":{"allow":["GET"]}}],"collection":[{"href":"http:\/\/kaminholz-vogtland.eu\/index.php\/wp-json\/wp\/v2\/pages"}],"about":[{"href":"http:\/\/kaminholz-vogtland.eu\/index.php\/wp-json\/wp\/v2\/types\/page"}],"author":[{"embeddable":true,"href":"http:\/\/kaminholz-vogtland.eu\/index.php\/wp-json\/wp\/v2\/users\/3"}],"replies":[{"embeddable":true,"href":"http:\/\/kaminholz-vogtland.eu\/index.php\/wp-json\/wp\/v2\/comments?post=17354"}],"version-history":[{"count":0,"href":"http:\/\/kaminholz-vogtland.eu\/index.php\/wp-json\/wp\/v2\/pages\/17354\/revisions"}],"wp:attachment":[{"href":"http:\/\/kaminholz-vogtland.eu\/index.php\/wp-json\/wp\/v2\/media?parent=17354"}],"curies":[{"name":"wp","href":"https:\/\/api.w.org\/{rel}","templated":true}]}}