{"id":86707,"date":"2025-10-12T10:45:38","date_gmt":"2025-10-12T10:45:38","guid":{"rendered":"https:\/\/example.com\/?page_id=9dc65f1e-bf64-4e33-b76a-3d7e8b042c44"},"modified":"2025-11-02T16:18:15","modified_gmt":"2025-11-02T15:18:15","slug":"impressum","status":"publish","type":"page","link":"http:\/\/kaminholz-vogtland.eu\/index.php\/impressum\/","title":{"rendered":"Impressum"},"content":{"rendered":"\n<p><br>Diese Webseite ist ein Angebot der Firma Holz Schneider.<br><br>Dienstanbieter<br>Ralf Schneider<br><br>Lauterbacher Str. 6<br>08233 Treuen OT Schreiersgr\u00fcn<br><br>Tel.: 037468 80608<br>E-Mail: Holzschneider24@gmx.de<br>Web: www.kaminholz-vogtland.eu<br>USt-IdNr.: DE66425198709<br><br>Inhaltlich Verantwortlicher: Ralf Schneider<br><br>Rechtliche Hinweise<br>Informationen zur Online-Streitbeilegung<br><br>Die Europ\u00e4ische Kommission stellt eine Plattform zur Online-Streitbeilegung (OS) bereit, die Sie unter http:\/\/ec.europa.eu\/consumers\/odr\/ finden. Verbraucher aus der EU haben die M\u00f6glichkeit, diese OS-Plattform zur au\u00dfergerichtlichen Beilegung von Streitigkeiten \u00fcber vertragliche Verpflichtungen aus Online-Kaufvertr\u00e4gen oder Online-Dienstleistungsvertr\u00e4gen mit Unternehmern aus der EU zu nutzen.<br><br>Hinweis gem\u00e4\u00df \u00a7 36 Verbraucherstreitbeilegungsgesetz (VSBG)<br><br>Holz Schneider &#8211; Inh. Ralf Schneider wird nicht an einem Streitbeilegungsverfahren vor einer Verbraucherschlichtungsstelle i.S.d. VSBG teilnehmen und ist hierzu auch nicht verpflichtet.<br><br>Haftungshinweis<br>Angaben auf dieser Webseite erfolgen ohne Gew\u00e4hr.<br><br>Urheberrecht<br>Texte, Fotografien und Grafiken sowie die sonstigen Inhalte sind urheberrechtlich gesch\u00fctzt.<br><br>Bildnachweis:<br><br>Holz Schneider Inh.: Ralf Schneider<br>alle Bilder auf dieser Webseite<\/p>\n\n\n\n<p><br>Haftung f\u00fcr Links<br>Die aufgef\u00fchrten externen Links f\u00fchren zu Inhalten fremder Anbieter. F\u00fcr diese Inhalte ist allein der jeweilige Anbieter verantwortlich. Bei Bekanntwerden von Rechtsverletzungen werden diese Links umgehend entfernt.<br><br>Design und Umsetzung<br>Marcel Schneider<\/p>\n","protected":false},"excerpt":{"rendered":"<p>Diese Webseite ist ein Angebot der Firma Holz Schneider. DienstanbieterRalf Schneider Lauterbacher Str. 608233 Treuen OT Schreiersgr\u00fcn Tel.: 037468 80608E-Mail: Holzschneider24@gmx.deWeb: www.kaminholz-vogtland.euUSt-IdNr.: DE66425198709 Inhaltlich Verantwortlicher: Ralf Schneider Rechtliche HinweiseInformationen zur Online-Streitbeilegung Die Europ\u00e4ische Kommission stellt eine Plattform zur Online-Streitbeilegung (OS) bereit, die Sie unter http:\/\/ec.europa.eu\/consumers\/odr\/ finden. Verbraucher aus der EU haben die M\u00f6glichkeit, diese OS-Plattform [&hellip;]<\/p>\n","protected":false},"author":3,"featured_media":0,"parent":0,"menu_order":6,"comment_status":"closed","ping_status":"closed","template":"","meta":{"footnotes":""},"class_list":["post-86707","page","type-page","status-publish","hentry"],"_links":{"self":[{"href":"http:\/\/kaminholz-vogtland.eu\/index.php\/wp-json\/wp\/v2\/pages\/86707","targetHints":{"allow":["GET"]}}],"collection":[{"href":"http:\/\/kaminholz-vogtland.eu\/index.php\/wp-json\/wp\/v2\/pages"}],"about":[{"href":"http:\/\/kaminholz-vogtland.eu\/index.php\/wp-json\/wp\/v2\/types\/page"}],"author":[{"embeddable":true,"href":"http:\/\/kaminholz-vogtland.eu\/index.php\/wp-json\/wp\/v2\/users\/3"}],"replies":[{"embeddable":true,"href":"http:\/\/kaminholz-vogtland.eu\/index.php\/wp-json\/wp\/v2\/comments?post=86707"}],"version-history":[{"count":2,"href":"http:\/\/kaminholz-vogtland.eu\/index.php\/wp-json\/wp\/v2\/pages\/86707\/revisions"}],"predecessor-version":[{"id":91288,"href":"http:\/\/kaminholz-vogtland.eu\/index.php\/wp-json\/wp\/v2\/pages\/86707\/revisions\/91288"}],"wp:attachment":[{"href":"http:\/\/kaminholz-vogtland.eu\/index.php\/wp-json\/wp\/v2\/media?parent=86707"}],"curies":[{"name":"wp","href":"https:\/\/api.w.org\/{rel}","templated":true}]}}