{"id":91136,"date":"2025-10-12T10:45:38","date_gmt":"2025-10-12T10:45:38","guid":{"rendered":"https:\/\/example.com\/?page_id=c34acdc9-40d3-4a51-8e36-d48a73f4811f"},"modified":"2025-11-02T15:45:34","modified_gmt":"2025-11-02T14:45:34","slug":"ueber-mich","status":"publish","type":"page","link":"http:\/\/kaminholz-vogtland.eu\/index.php\/ueber-mich\/","title":{"rendered":"\u00dcber mich"},"content":{"rendered":"\n<p class=\"has-text-align-center\">Ralf Schneider \u2013 Holz Schneider, Vogtland.<\/p>\n\n\n\n<p class=\"has-text-align-center\">Am 17.12.1990 gr\u00fcndete ich meinen Zimmereibetrieb, als selbstst\u00e4ndiger Zimmerermeister.<\/p>\n\n\n\n<p class=\"has-text-align-center\">1990-2023 f\u00fchrte ich Zimmererarbeiten \/ Treppensanierung und Balkonbau durch.<br>Parallel dazu wurde ab 2005, das Brenn-und Kaminholz ins Portfolio mit aufgenommen.<\/p>\n\n\n\n<p class=\"has-text-align-center\">seit Mitte 2023 bin ich nur noch im Brenn &#8211; und Kaminholz t\u00e4tig. ( Herstellung und Vertrieb)<\/p>\n\n\n\n<p><\/p>\n\n\n\n<p><\/p>\n\n\n\n<p><\/p>\n\n\n\n<p><\/p>\n\n\n\n<p><\/p>\n","protected":false},"excerpt":{"rendered":"<p>Ralf Schneider \u2013 Holz Schneider, Vogtland. Am 17.12.1990 gr\u00fcndete ich meinen Zimmereibetrieb, als selbstst\u00e4ndiger Zimmerermeister. 1990-2023 f\u00fchrte ich Zimmererarbeiten \/ Treppensanierung und Balkonbau durch.Parallel dazu wurde ab 2005, das Brenn-und Kaminholz ins Portfolio mit aufgenommen. seit Mitte 2023 bin ich nur noch im Brenn &#8211; und Kaminholz t\u00e4tig. ( Herstellung und Vertrieb)<\/p>\n","protected":false},"author":3,"featured_media":0,"parent":0,"menu_order":4,"comment_status":"closed","ping_status":"closed","template":"","meta":{"footnotes":""},"class_list":["post-91136","page","type-page","status-publish","hentry"],"_links":{"self":[{"href":"http:\/\/kaminholz-vogtland.eu\/index.php\/wp-json\/wp\/v2\/pages\/91136","targetHints":{"allow":["GET"]}}],"collection":[{"href":"http:\/\/kaminholz-vogtland.eu\/index.php\/wp-json\/wp\/v2\/pages"}],"about":[{"href":"http:\/\/kaminholz-vogtland.eu\/index.php\/wp-json\/wp\/v2\/types\/page"}],"author":[{"embeddable":true,"href":"http:\/\/kaminholz-vogtland.eu\/index.php\/wp-json\/wp\/v2\/users\/3"}],"replies":[{"embeddable":true,"href":"http:\/\/kaminholz-vogtland.eu\/index.php\/wp-json\/wp\/v2\/comments?post=91136"}],"version-history":[{"count":1,"href":"http:\/\/kaminholz-vogtland.eu\/index.php\/wp-json\/wp\/v2\/pages\/91136\/revisions"}],"predecessor-version":[{"id":91282,"href":"http:\/\/kaminholz-vogtland.eu\/index.php\/wp-json\/wp\/v2\/pages\/91136\/revisions\/91282"}],"wp:attachment":[{"href":"http:\/\/kaminholz-vogtland.eu\/index.php\/wp-json\/wp\/v2\/media?parent=91136"}],"curies":[{"name":"wp","href":"https:\/\/api.w.org\/{rel}","templated":true}]}}