{"id":9402,"date":"2025-10-12T10:45:38","date_gmt":"2025-10-12T10:45:38","guid":{"rendered":"https:\/\/example.com\/?page_id=a2e8eabf-3585-4bd4-b00d-ba1a286e6136"},"modified":"2025-11-13T05:56:38","modified_gmt":"2025-11-13T04:56:38","slug":"startseite","status":"publish","type":"page","link":"http:\/\/kaminholz-vogtland.eu\/index.php\/startseite\/","title":{"rendered":"Brenn- und Kaminholz"},"content":{"rendered":"\n<figure class=\"wp-block-image aligncenter size-medium is-resized has-custom-border is-style-rounded wp-duotone-unset-1\"><img loading=\"lazy\" decoding=\"async\" width=\"1200\" height=\"1074\" src=\"http:\/\/kaminholz-vogtland.prime-3d.ch\/wp-content\/uploads\/2025\/11\/Holz-1200x1074.png\" alt=\"\" class=\"wp-image-91265\" style=\"border-width:3px;border-radius:67px;width:424px;height:auto\" srcset=\"http:\/\/kaminholz-vogtland.eu\/wp-content\/uploads\/2025\/11\/Holz-1200x1074.png 1200w, http:\/\/kaminholz-vogtland.eu\/wp-content\/uploads\/2025\/11\/Holz-1000x895.png 1000w, http:\/\/kaminholz-vogtland.eu\/wp-content\/uploads\/2025\/11\/Holz-768x687.png 768w, http:\/\/kaminholz-vogtland.eu\/wp-content\/uploads\/2025\/11\/Holz-1536x1375.png 1536w, http:\/\/kaminholz-vogtland.eu\/wp-content\/uploads\/2025\/11\/Holz.png 1600w\" sizes=\"auto, (max-width: 1200px) 100vw, 1200px\" \/><\/figure>\n\n\n\n<div class=\"wp-block-cover is-light\" style=\"min-height:243px;aspect-ratio:unset;\"><span aria-hidden=\"true\" class=\"wp-block-cover__background has-background-dim-0 has-background-dim\"><\/span><div class=\"wp-block-cover__inner-container is-layout-flow wp-block-cover-is-layout-flow\">\n<p class=\"has-text-align-center\">Es werden generell aus heimischen W\u00e4ldern,<br>N\u00e4delh\u00f6lzer ( Fichte, Kiefer, L\u00e4rche )<br>Laubh\u00f6lzer ( Ahorn, Birke, Buche, Eiche, Esche) verwendet.<br>Das fertige Scheitholz wird in IBC &#8211; Boxen gelagert und nach der Entleerung<br>(Verkauf an den Kunden ) wieder verwendet.<br>Somit wird eine nachhaltige Lagerung erm\u00f6glicht.<br>Es entsteht kein Abfallprodukt.<\/p>\n\n\n\n<p class=\"has-text-align-center\">Fertiges Anz\u00fcndholz runden das komplette Programm ab.<\/p>\n<\/div><\/div>\n\n\n\n<figure class=\"wp-block-image aligncenter size-large is-resized has-custom-border\"><img loading=\"lazy\" decoding=\"async\" width=\"750\" height=\"1000\" src=\"https:\/\/kaminholz-vogtland.prime-3d.ch\/wp-content\/uploads\/2025\/11\/IMG_20241007_102136-750x1000.jpg\" alt=\"\" class=\"wp-image-91301\" style=\"border-width:3px;border-radius:39px;width:480px;height:auto\" srcset=\"http:\/\/kaminholz-vogtland.eu\/wp-content\/uploads\/2025\/11\/IMG_20241007_102136-750x1000.jpg 750w, http:\/\/kaminholz-vogtland.eu\/wp-content\/uploads\/2025\/11\/IMG_20241007_102136-900x1200.jpg 900w, http:\/\/kaminholz-vogtland.eu\/wp-content\/uploads\/2025\/11\/IMG_20241007_102136-768x1024.jpg 768w, http:\/\/kaminholz-vogtland.eu\/wp-content\/uploads\/2025\/11\/IMG_20241007_102136-1152x1536.jpg 1152w, http:\/\/kaminholz-vogtland.eu\/wp-content\/uploads\/2025\/11\/IMG_20241007_102136-1536x2048.jpg 1536w, http:\/\/kaminholz-vogtland.eu\/wp-content\/uploads\/2025\/11\/IMG_20241007_102136-scaled.jpg 1920w\" sizes=\"auto, (max-width: 750px) 100vw, 750px\" \/><figcaption class=\"wp-element-caption\"><strong><em>28 RDM<\/em><\/strong><\/figcaption><\/figure>\n\n\n\n<p class=\"has-text-align-center\"><strong>Preise f\u00fcr Kaminholz\/Transport auf Anfrage per <a href=\"mailto:holzschneider24@gmx.de\">E\u2011Mail<\/a> oder <a href=\"https:\/\/wa.me\/491723417633\">Whatsapp<\/a>.<\/strong><\/p>\n","protected":false},"excerpt":{"rendered":"<p>Preise f\u00fcr Kaminholz\/Transport auf Anfrage per E\u2011Mail oder Whatsapp.<\/p>\n","protected":false},"author":3,"featured_media":0,"parent":0,"menu_order":1,"comment_status":"closed","ping_status":"closed","template":"","meta":{"footnotes":""},"class_list":["post-9402","page","type-page","status-publish","hentry"],"_links":{"self":[{"href":"http:\/\/kaminholz-vogtland.eu\/index.php\/wp-json\/wp\/v2\/pages\/9402","targetHints":{"allow":["GET"]}}],"collection":[{"href":"http:\/\/kaminholz-vogtland.eu\/index.php\/wp-json\/wp\/v2\/pages"}],"about":[{"href":"http:\/\/kaminholz-vogtland.eu\/index.php\/wp-json\/wp\/v2\/types\/page"}],"author":[{"embeddable":true,"href":"http:\/\/kaminholz-vogtland.eu\/index.php\/wp-json\/wp\/v2\/users\/3"}],"replies":[{"embeddable":true,"href":"http:\/\/kaminholz-vogtland.eu\/index.php\/wp-json\/wp\/v2\/comments?post=9402"}],"version-history":[{"count":10,"href":"http:\/\/kaminholz-vogtland.eu\/index.php\/wp-json\/wp\/v2\/pages\/9402\/revisions"}],"predecessor-version":[{"id":91329,"href":"http:\/\/kaminholz-vogtland.eu\/index.php\/wp-json\/wp\/v2\/pages\/9402\/revisions\/91329"}],"wp:attachment":[{"href":"http:\/\/kaminholz-vogtland.eu\/index.php\/wp-json\/wp\/v2\/media?parent=9402"}],"curies":[{"name":"wp","href":"https:\/\/api.w.org\/{rel}","templated":true}]}}